{"id":104709,"date":"2022-04-11T20:29:35","date_gmt":"2022-04-11T23:29:35","guid":{"rendered":"https:\/\/nta-asfaltos.com.br\/asfaltos-y-emulsiones-especiales\/"},"modified":"2022-10-11T19:17:31","modified_gmt":"2022-10-11T22:17:31","slug":"asfaltos-y-emulsiones-especiales","status":"publish","type":"page","link":"https:\/\/nta-asfaltos.com.br\/es\/asfaltos-y-emulsiones-especiales\/","title":{"rendered":"Asfaltos y Emulsiones Especiales"},"content":{"rendered":"<div class=\"wpb-content-wrapper\"><p>[vc_row row_height_percent=&#8221;100&#8243; override_padding=&#8221;yes&#8221; h_padding=&#8221;2&#8243; top_padding=&#8221;6&#8243; bottom_padding=&#8221;6&#8243; back_color=&#8221;color-jevc&#8221; back_image=&#8221;103385&#8243; back_position=&#8221;center bottom&#8221; overlay_color=&#8221;color-jevc&#8221; overlay_alpha=&#8221;25&#8243; gutter_size=&#8221;3&#8243; column_width_percent=&#8221;100&#8243; shift_y=&#8221;0&#8243; z_index=&#8221;1&#8243; enable_bottom_divider=&#8221;default&#8221; bottom_divider=&#8221;gradient&#8221; shape_bottom_h_use_pixel=&#8221;true&#8221; shape_bottom_height_percent=&#8221;100&#8243; shape_bottom_color=&#8221;color-jevc&#8221; shape_bottom_opacity=&#8221;50&#8243; shape_bottom_index=&#8221;0&#8243; uncode_shortcode_id=&#8221;423190&#8243; back_color_type=&#8221;uncode-palette&#8221; overlay_color_type=&#8221;uncode-palette&#8221; shape_bottom_color_type=&#8221;uncode-palette&#8221; row_name=&#8221;Bienvenidos&#8221;][vc_column column_width_percent=&#8221;100&#8243; position_horizontal=&#8221;left&#8221; position_vertical=&#8221;bottom&#8221; gutter_size=&#8221;3&#8243; style=&#8221;dark&#8221; overlay_alpha=&#8221;50&#8243; shift_x=&#8221;0&#8243; shift_y=&#8221;0&#8243; shift_y_down=&#8221;0&#8243; z_index=&#8221;0&#8243; medium_width=&#8221;0&#8243; align_mobile=&#8221;align_center_mobile&#8221; mobile_width=&#8221;0&#8243; css_animation=&#8221;alpha-anim&#8221; animation_speed=&#8221;1000&#8243; animation_delay=&#8221;400&#8243; width=&#8221;1\/1&#8243; uncode_shortcode_id=&#8221;162406&#8243;][vc_row_inner limit_content=&#8221;&#8221;][vc_column_inner column_width_use_pixel=&#8221;yes&#8221; position_horizontal=&#8221;left&#8221; gutter_size=&#8221;2&#8243; style=&#8221;dark&#8221; font_family=&#8221;font-136269&#8243; overlay_alpha=&#8221;50&#8243; shift_x=&#8221;0&#8243; shift_y=&#8221;0&#8243; shift_y_down=&#8221;0&#8243; z_index=&#8221;0&#8243; medium_width=&#8221;0&#8243; align_mobile=&#8221;align_center_mobile&#8221; mobile_width=&#8221;0&#8243; parallax_intensity=&#8221;4&#8243; parallax_centered=&#8221;yes&#8221; width=&#8221;1\/1&#8243; uncode_shortcode_id=&#8221;144041&#8243; column_width_pixel=&#8221;900&#8243;][vc_custom_heading text_font=&#8221;font-673331&#8243; text_size=&#8221;fontsize-338686&#8243; text_weight=&#8221;800&#8243; text_space=&#8221;fontspace-111509&#8243; css_animation=&#8221;curtain-words&#8221; animation_speed=&#8221;1000&#8243; animation_delay=&#8221;400&#8243; title=&#8221;&#8221; uncode_shortcode_id=&#8221;845804&#8243;]Asfaltos y Emulsiones Especiales[\/vc_custom_heading][\/vc_column_inner][\/vc_row_inner][vc_icon icon=&#8221;fa fa-arrow-down4&#8243; background_style=&#8221;fa-rounded&#8221; size=&#8221;fa-2x&#8221; css_animation=&#8221;bottom-t-top&#8221; animation_speed=&#8221;1000&#8243; animation_delay=&#8221;400&#8243; link=&#8221;url:%23asfaltos-y-emulsiones-especiales|&#8221; uncode_shortcode_id=&#8221;108430&#8243;][\/vc_icon][\/vc_column][\/vc_row][vc_row row_height_percent=&#8221;100&#8243; override_padding=&#8221;yes&#8221; h_padding=&#8221;2&#8243; top_padding=&#8221;5&#8243; bottom_padding=&#8221;5&#8243; back_image=&#8221;103321&#8243; overlay_color=&#8221;color-xsdn&#8221; overlay_alpha=&#8221;50&#8243; gutter_size=&#8221;3&#8243; column_width_percent=&#8221;100&#8243; shift_y=&#8221;0&#8243; z_index=&#8221;0&#8243; bottom_divider=&#8221;step_3_4&#8243; row_custom_slug_check=&#8221;yes&#8221; uncode_shortcode_id=&#8221;347222&#8243; row_name=&#8221;Asfaltos y Emulsiones Especiales&#8221; overlay_color_type=&#8221;uncode-palette&#8221; row_custom_slug=&#8221;Asfaltos E Emulsoes Especiais&#8221;][vc_column column_width_percent=&#8221;100&#8243; gutter_size=&#8221;3&#8243; overlay_alpha=&#8221;50&#8243; shift_x=&#8221;0&#8243; shift_y=&#8221;0&#8243; shift_y_down=&#8221;0&#8243; z_index=&#8221;0&#8243; medium_width=&#8221;0&#8243; mobile_width=&#8221;0&#8243; width=&#8221;1\/1&#8243;][vc_row_inner][vc_column_inner column_width_percent=&#8221;100&#8243; align_horizontal=&#8221;align_center&#8221; gutter_size=&#8221;3&#8243; overlay_alpha=&#8221;50&#8243; shift_x=&#8221;0&#8243; shift_y=&#8221;0&#8243; shift_y_down=&#8221;0&#8243; z_index=&#8221;0&#8243; medium_width=&#8221;0&#8243; mobile_width=&#8221;0&#8243; width=&#8221;1\/1&#8243; uncode_shortcode_id=&#8221;542829&#8243;][vc_custom_heading heading_semantic=&#8221;h6&#8243; text_size=&#8221;fontsize-160000&#8243; text_transform=&#8221;uppercase&#8221; text_space=&#8221;fontspace-135905&#8243; uncode_shortcode_id=&#8221;146744&#8243; text_color_type=&#8221;uncode-solid&#8221; text_color_solid=&#8221;#226933&#8243;]ASFALTOS Y EMULSIONES ESPECIALES \u2013 NTA\u00ae[\/vc_custom_heading][\/vc_column_inner][\/vc_row_inner][vc_row_inner row_inner_height_percent=&#8221;0&#8243; overlay_alpha=&#8221;50&#8243; gutter_size=&#8221;4&#8243; shift_y=&#8221;0&#8243; z_index=&#8221;0&#8243; desktop_visibility=&#8221;yes&#8221; medium_visibility=&#8221;yes&#8221; mobile_visibility=&#8221;yes&#8221; uncode_shortcode_id=&#8221;809638&#8243;][vc_column_inner column_width_use_pixel=&#8221;yes&#8221; align_horizontal=&#8221;align_center&#8221; gutter_size=&#8221;3&#8243; overlay_alpha=&#8221;50&#8243; shift_x=&#8221;0&#8243; shift_y=&#8221;0&#8243; shift_y_down=&#8221;0&#8243; z_index=&#8221;0&#8243; medium_width=&#8221;4&#8243; mobile_width=&#8221;0&#8243; width=&#8221;1\/1&#8243; uncode_shortcode_id=&#8221;122280&#8243; column_width_pixel=&#8221;800&#8243;][vc_column_text uncode_shortcode_id=&#8221;192120&#8243;]Linha de produtos formada por ligantes especiais, quimicamente formulados para produ\u00e7\u00e3o de misturas mornas. Na usinagem dos asfaltos para mistura morna n\u00e3o \u00e9 necess\u00e1ria nenhuma adapta\u00e7\u00e3o ou mudan\u00e7a na usina de concreto betuminoso. [\/vc_column_text][\/vc_column_inner][\/vc_row_inner][vc_empty_space empty_h=&#8221;2&#8243;][vc_separator sep_color=&#8221;&#8221; uncode_shortcode_id=&#8221;127005&#8243;][vc_empty_space empty_h=&#8221;2&#8243;][vc_gallery el_id=&#8221;gallery-73689423&#8243; medias=&#8221;103662,103665,103661,103663,103664&#8243; gutter_size=&#8221;3&#8243; media_items=&#8221;media|custom_link|poster,icon|xl,spacer|half,title&#8221; screen_lg=&#8221;1000&#8243; screen_md=&#8221;600&#8243; screen_sm=&#8221;480&#8243; single_shape=&#8221;round&#8221; radius=&#8221;std&#8221; single_overlay_color=&#8221;color-jevc&#8221; single_overlay_coloration=&#8221;bottom_gradient&#8221; single_overlay_opacity=&#8221;93&#8243; single_overlay_visible=&#8221;yes&#8221; single_overlay_anim=&#8221;no&#8221; single_text_visible=&#8221;yes&#8221; single_text_anim=&#8221;no&#8221; single_image_color_anim=&#8221;yes&#8221; single_image_magnetic=&#8221;yes&#8221; single_h_align=&#8221;center&#8221; single_v_position=&#8221;bottom&#8221; single_padding=&#8221;3&#8243; single_title_dimension=&#8221;h2&#8243; single_icon=&#8221;fa fa-file-pdf-o&#8221; single_shadow=&#8221;yes&#8221; shadow_weight=&#8221;sm&#8221; single_border=&#8221;yes&#8221; single_css_animation=&#8221;zoom-in&#8221; single_animation_delay=&#8221;200&#8243; lbox_no_tmb=&#8221;yes&#8221; custom_cursor=&#8221;light&#8221; carousel_rtl=&#8221;&#8221; single_title_uppercase=&#8221;&#8221; single_half_padding=&#8221;&#8221; single_title_serif=&#8221;&#8221; single_no_background=&#8221;&#8221; uncode_shortcode_id=&#8221;581186&#8243; items=&#8221;eyIxMDMyNzVfaSI6eyJzaW5nbGVfbGluayI6InVybDpodHRwczovL250YS1hc2ZhbHRvcy5iYXJiYXNkaWdpdGFsLm5ldC93cC1jb250ZW50L3VwbG9hZHMvMjAyMi8wMy9GaWNoYS10wq5jbmljYS1QT0xJRkxFWC1OVEEtUkVDLnBkZnx0YXJnZXQ6X2JsYW5rIn0sIjEwMzI3NF9pIjp7InNpbmdsZV9saW5rIjoidXJsOmh0dHBzOi8vbnRhLWFzZmFsdG9zLmJhcmJhc2RpZ2l0YWwubmV0L3dwLWNvbnRlbnQvdXBsb2Fkcy8yMDIyLzAzL0ZpY2hhLXTCrmNuaWNhLUNBUC5wZGZ8dGFyZ2V0Ol9ibGFuayJ9LCIxMDMyNzZfaSI6eyJzaW5nbGVfbGluayI6InVybDpodHRwczovL250YS1hc2ZhbHRvcy5iYXJiYXNkaWdpdGFsLm5ldC93cC1jb250ZW50L3VwbG9hZHMvMjAyMi8wMy9GaWNoYS10wq5jbmljYS1DQVAucGRmfHRhcmdldDpfYmxhbmsifSwiMTAzMjU1X2kiOnsic2luZ2xlX2xpbmsiOiJ1cmw6aHR0cHM6Ly9udGEtYXNmYWx0b3MuYmFyYmFzZGlnaXRhbC5uZXQvd3AtY29udGVudC91cGxvYWRzLzIwMjIvMDMvRmljaGEtdMKuY25pY2EtQ0FQLnBkZnx0YXJnZXQ6X2JsYW5rIn0sIjEwMzI5OV9pIjp7InNpbmdsZV9saW5rIjoidXJsOmh0dHBzOi8vbnRhLWFzZmFsdG9zLmJhcmJhc2RpZ2l0YWwubmV0L3dwLWNvbnRlbnQvdXBsb2Fkcy8yMDIyLzAzL0ZpY2hhLXTCrmNuaWNhLVBPTElGTEVYLU5UQS1SRUMucGRmfHRhcmdldDpfYmxhbmsifSwiMTAzMzAwX2kiOnsic2luZ2xlX2xpbmsiOiJ1cmw6aHR0cHM6Ly9udGEtYXNmYWx0b3MuYmFyYmFzZGlnaXRhbC5uZXQvd3AtY29udGVudC91cGxvYWRzLzIwMjIvMDMvRmljaGEtdMKuY25pY2EtQ0FQLnBkZnx0YXJnZXQ6X2JsYW5rIn0sIjEwMzMwMV9pIjp7InNpbmdsZV9saW5rIjoidXJsOmh0dHBzOi8vbnRhLWFzZmFsdG9zLmJhcmJhc2RpZ2l0YWwubmV0L3dwLWNvbnRlbnQvdXBsb2Fkcy8yMDIyLzAzL0ZpY2hhLXTCrmNuaWNhLUNBUC5wZGZ8dGFyZ2V0Ol9ibGFuayJ9LCIxMDM2NjJfaSI6eyJzaW5nbGVfbGluayI6InVybDpodHRwczovL250YS1hc2ZhbHRvcy5jb20uYnIvd3AtY29udGVudC91cGxvYWRzLzIwMjIvMDYvQ0FQLU5UQS1BRi5wZGZ8dGFyZ2V0Ol9ibGFuayJ9LCIxMDM2NjVfaSI6eyJzaW5nbGVfbGluayI6InVybDpodHRwczovL250YS1hc2ZhbHRvcy5jb20uYnIvd3AtY29udGVudC91cGxvYWRzLzIwMjIvMDYvQ0FQLU5UQS1BTS5wZGZ8dGFyZ2V0Ol9ibGFuayJ9LCIxMDM2NjFfaSI6eyJzaW5nbGVfbGluayI6InVybDpodHRwczovL250YS1hc2ZhbHRvcy5jb20uYnIvd3AtY29udGVudC91cGxvYWRzLzIwMjIvMDYvTGluaGEtTlRBLVdBUk0tTUlYLnBkZnx0YXJnZXQ6X2JsYW5rIn0sIjEwMzY2M19pIjp7InNpbmdsZV9saW5rIjoidXJsOmh0dHBzOi8vbnRhLWFzZmFsdG9zLmNvbS5ici93cC1jb250ZW50L3VwbG9hZHMvMjAyMi8wNi9FTVVMU0FPLU5UQS1SRUMucGRmfHRhcmdldDpfYmxhbmsifSwiMTAzNjY0X2kiOnsic2luZ2xlX2xpbmsiOiJ1cmw6aHR0cHM6Ly9udGEtYXNmYWx0b3MuY29tLmJyL3dwLWNvbnRlbnQvdXBsb2Fkcy8yMDIyLzA2L0VNVUxTQU8tTlRBLVJFQy1GRFIucGRmfHRhcmdldDpfYmxhbmsifX0=&#8221;][\/vc_column][\/vc_row]<\/p>\n<\/div>","protected":false},"excerpt":{"rendered":"<p>[vc_row row_height_percent=&#8221;100&#8243; override_padding=&#8221;yes&#8221; h_padding=&#8221;2&#8243; top_padding=&#8221;6&#8243; bottom_padding=&#8221;6&#8243; back_color=&#8221;color-jevc&#8221; back_image=&#8221;103385&#8243; back_position=&#8221;center bottom&#8221; overlay_color=&#8221;color-jevc&#8221; overlay_alpha=&#8221;25&#8243; gutter_size=&#8221;3&#8243; column_width_percent=&#8221;100&#8243; shift_y=&#8221;0&#8243; z_index=&#8221;1&#8243; enable_bottom_divider=&#8221;default&#8221; bottom_divider=&#8221;gradient&#8221; shape_bottom_h_use_pixel=&#8221;true&#8221; shape_bottom_height_percent=&#8221;100&#8243; [&hellip;]<\/p>\n","protected":false},"author":1,"featured_media":0,"parent":0,"menu_order":0,"comment_status":"closed","ping_status":"closed","template":"","meta":{"_seopress_robots_primary_cat":"","_seopress_titles_title":"%%post_title%% %%sep%% %%sitetitle%%","_seopress_titles_desc":"ASFALTOS Y EMULSIONES ESPECIALES \u2013 NTA\u00ae","_seopress_robots_index":"","_seopress_analysis_target_kw":"","footnotes":""},"class_list":["post-104709","page","type-page","status-publish","hentry"],"_links":{"self":[{"href":"https:\/\/nta-asfaltos.com.br\/es\/wp-json\/wp\/v2\/pages\/104709","targetHints":{"allow":["GET"]}}],"collection":[{"href":"https:\/\/nta-asfaltos.com.br\/es\/wp-json\/wp\/v2\/pages"}],"about":[{"href":"https:\/\/nta-asfaltos.com.br\/es\/wp-json\/wp\/v2\/types\/page"}],"author":[{"embeddable":true,"href":"https:\/\/nta-asfaltos.com.br\/es\/wp-json\/wp\/v2\/users\/1"}],"replies":[{"embeddable":true,"href":"https:\/\/nta-asfaltos.com.br\/es\/wp-json\/wp\/v2\/comments?post=104709"}],"version-history":[{"count":0,"href":"https:\/\/nta-asfaltos.com.br\/es\/wp-json\/wp\/v2\/pages\/104709\/revisions"}],"wp:attachment":[{"href":"https:\/\/nta-asfaltos.com.br\/es\/wp-json\/wp\/v2\/media?parent=104709"}],"curies":[{"name":"wp","href":"https:\/\/api.w.org\/{rel}","templated":true}]}}