{"id":104651,"date":"2022-06-23T11:48:29","date_gmt":"2022-06-23T14:48:29","guid":{"rendered":"https:\/\/nta-asfaltos.com.br\/centro-de-privacidad\/"},"modified":"2022-10-11T18:22:53","modified_gmt":"2022-10-11T21:22:53","slug":"centro-de-privacidad","status":"publish","type":"page","link":"https:\/\/nta-asfaltos.com.br\/es\/centro-de-privacidad\/","title":{"rendered":"Centro de Privacidad"},"content":{"rendered":"<div class=\"wpb-content-wrapper\"><p>[vc_row row_height_percent=&#8221;0&#8243; override_padding=&#8221;yes&#8221; h_padding=&#8221;2&#8243; top_padding=&#8221;0&#8243; bottom_padding=&#8221;6&#8243; back_color=&#8221;color-gyho&#8221; overlay_alpha=&#8221;50&#8243; gutter_size=&#8221;3&#8243; column_width_percent=&#8221;100&#8243; shift_y=&#8221;0&#8243; z_index=&#8221;1&#8243; top_divider=&#8221;triangle&#8221; row_name=&#8221;Informations&#8221;][vc_column column_width_use_pixel=&#8221;yes&#8221; position_vertical=&#8221;middle&#8221; align_horizontal=&#8221;align_center&#8221; gutter_size=&#8221;0&#8243; override_padding=&#8221;yes&#8221; column_padding=&#8221;2&#8243; back_color=&#8221;color-xsdn&#8221; overlay_alpha=&#8221;50&#8243; shift_x=&#8221;0&#8243; shift_y=&#8221;-5&#8243; shift_y_fixed=&#8221;yes&#8221; shift_y_down=&#8221;0&#8243; z_index=&#8221;0&#8243; medium_width=&#8221;0&#8243; mobile_width=&#8221;0&#8243; radius=&#8221;sm&#8221; shadow=&#8221;lg&#8221; width=&#8221;1\/1&#8243; column_width_pixel=&#8221;1600&#8243;][vc_empty_space empty_h=&#8221;2&#8243;][vc_custom_heading text_font=&#8221;font-762333&#8243; text_size=&#8221;fontsize-160000&#8243; text_transform=&#8221;uppercase&#8221; text_space=&#8221;fontspace-135905&#8243;]DE QU\u00c9 FORMA?[\/vc_custom_heading][vc_empty_space empty_h=&#8221;3&#8243;][vc_row_inner row_inner_height_percent=&#8221;0&#8243; overlay_alpha=&#8221;50&#8243; equal_height=&#8221;yes&#8221; gutter_size=&#8221;3&#8243; shift_y=&#8221;0&#8243; z_index=&#8221;0&#8243;][vc_column_inner column_width_percent=&#8221;100&#8243; gutter_size=&#8221;3&#8243; override_padding=&#8221;yes&#8221; column_padding=&#8221;3&#8243; back_color=&#8221;color-lxmt&#8221; overlay_alpha=&#8221;50&#8243; shift_x=&#8221;0&#8243; shift_y=&#8221;0&#8243; shift_y_down=&#8221;0&#8243; z_index=&#8221;0&#8243; medium_width=&#8221;0&#8243; mobile_width=&#8221;0&#8243; width=&#8221;1\/3&#8243;][vc_custom_heading heading_semantic=&#8221;h3&#8243; text_size=&#8221;h3&#8243; subheading=&#8221;Las preferencias de privacidad y la administraci\u00f3n del consentimiento pueden ser seleccionados directamente en el sitio web, en las notificaciones del banner.&#8221;]Preferencias de privacidad[\/vc_custom_heading][vc_button size=&#8221;btn-link&#8221; icon_position=&#8221;right&#8221; icon=&#8221;fa fa-arrow-right2&#8243; link=&#8221;url:%23|&#8221; el_class=&#8221;wordpress-gdpr-open-privacy-settings-modal&#8221;]Preferencias[\/vc_button][\/vc_column_inner][vc_column_inner column_width_percent=&#8221;100&#8243; gutter_size=&#8221;3&#8243; override_padding=&#8221;yes&#8221; column_padding=&#8221;3&#8243; back_color=&#8221;color-lxmt&#8221; overlay_alpha=&#8221;50&#8243; shift_x=&#8221;0&#8243; shift_y=&#8221;0&#8243; shift_y_down=&#8221;0&#8243; z_index=&#8221;0&#8243; medium_width=&#8221;0&#8243; mobile_width=&#8221;0&#8243; width=&#8221;1\/3&#8243;][vc_custom_heading heading_semantic=&#8221;h3&#8243; text_size=&#8221;h3&#8243; subheading=&#8221;Los datos son solicitados de modo opcional y suministrados por el usuario voluntariamente. Protegidos por la Ley n\u00ba.13.709\/18, utilizados solo para el prop\u00f3sito que fueron recogidos.&#8221;]Pol\u00edtica de privacidad[\/vc_custom_heading][vc_button size=&#8221;btn-link&#8221; icon_position=&#8221;right&#8221; icon=&#8221;fa fa-arrow-right2&#8243; link=&#8221;url:https%3A%2F%2Fnta-asfaltos.com.br%2Fes%2Fpolitica-de-privacidad%2F|&#8221; uncode_shortcode_id=&#8221;654976&#8243;]Ver Pol\u00edtica[\/vc_button][\/vc_column_inner][vc_column_inner column_width_percent=&#8221;100&#8243; gutter_size=&#8221;3&#8243; override_padding=&#8221;yes&#8221; column_padding=&#8221;3&#8243; back_color=&#8221;color-lxmt&#8221; overlay_alpha=&#8221;50&#8243; shift_x=&#8221;0&#8243; shift_y=&#8221;0&#8243; shift_y_down=&#8221;0&#8243; z_index=&#8221;0&#8243; medium_width=&#8221;0&#8243; mobile_width=&#8221;0&#8243; width=&#8221;1\/3&#8243;][vc_custom_heading heading_semantic=&#8221;h3&#8243; text_size=&#8221;h3&#8243; subheading=&#8221;Conjunto de normas de amplia divulgaci\u00f3n que debe ser seguido y observado por todos los miembros de la empresa, terceros o que ostentan tal condici\u00f3n.&#8221;]C\u00f3digo de conducta[\/vc_custom_heading][vc_button size=&#8221;btn-link&#8221; icon_position=&#8221;right&#8221; icon=&#8221;fa fa-arrow-right2&#8243; link=&#8221;url:https%3A%2F%2Fnta-asfaltos.com.br%2Fes%2Fcodigo-de-conducta%2F|&#8221; uncode_shortcode_id=&#8221;197629&#8243;]Acceder C\u00f3digo[\/vc_button][\/vc_column_inner][\/vc_row_inner][vc_empty_space empty_h=&#8221;2&#8243;][vc_row_inner row_inner_height_percent=&#8221;0&#8243; overlay_alpha=&#8221;50&#8243; equal_height=&#8221;yes&#8221; gutter_size=&#8221;3&#8243; shift_y=&#8221;0&#8243; z_index=&#8221;0&#8243;][vc_column_inner column_width_percent=&#8221;100&#8243; position_vertical=&#8221;middle&#8221; align_horizontal=&#8221;align_center&#8221; gutter_size=&#8221;3&#8243; override_padding=&#8221;yes&#8221; column_padding=&#8221;3&#8243; style=&#8221;dark&#8221; back_color=&#8221;color-prif&#8221; overlay_alpha=&#8221;50&#8243; shift_x=&#8221;0&#8243; shift_y=&#8221;0&#8243; shift_y_down=&#8221;0&#8243; z_index=&#8221;0&#8243; medium_width=&#8221;0&#8243; mobile_width=&#8221;0&#8243; width=&#8221;1\/1&#8243;][vc_custom_heading heading_semantic=&#8221;h3&#8243; text_size=&#8221;h3&#8243; subheading=&#8221;Comunicaci\u00f3n con el DPO (Data Protection Officer) o Responsable de los Datos, que intermedia el controlador, los interesados y la ANPD (Autoridad Nacional de Protecci\u00f3n de Datos).&#8221;]Canal Privacidad (canal directo con el DPO)[\/vc_custom_heading][vc_button size=&#8221;btn-link&#8221; icon_position=&#8221;right&#8221; icon=&#8221;fa fa-arrow-right2&#8243; link=&#8221;url:https%3A%2F%2Fnta-asfaltos.com.br%2Fes%2Fpolitica-de-privacidad%2F%23dpo|&#8221; uncode_shortcode_id=&#8221;410460&#8243;]Hablar Ahora[\/vc_button][\/vc_column_inner][\/vc_row_inner][\/vc_column][\/vc_row]<\/p>\n<\/div>","protected":false},"excerpt":{"rendered":"<p>[vc_row row_height_percent=&#8221;0&#8243; override_padding=&#8221;yes&#8221; h_padding=&#8221;2&#8243; top_padding=&#8221;0&#8243; bottom_padding=&#8221;6&#8243; back_color=&#8221;color-gyho&#8221; overlay_alpha=&#8221;50&#8243; gutter_size=&#8221;3&#8243; column_width_percent=&#8221;100&#8243; shift_y=&#8221;0&#8243; z_index=&#8221;1&#8243; top_divider=&#8221;triangle&#8221; row_name=&#8221;Informations&#8221;][vc_column column_width_use_pixel=&#8221;yes&#8221; position_vertical=&#8221;middle&#8221; align_horizontal=&#8221;align_center&#8221; gutter_size=&#8221;0&#8243; override_padding=&#8221;yes&#8221; column_padding=&#8221;2&#8243; [&hellip;]<\/p>\n","protected":false},"author":1,"featured_media":0,"parent":0,"menu_order":0,"comment_status":"closed","ping_status":"closed","template":"","meta":{"_seopress_robots_primary_cat":"","_seopress_titles_title":"%%post_title%% %%sep%% %%sitetitle%%","_seopress_titles_desc":"Este sitio est\u00e1 en conformidad con la LGPD (Ley General de Protecci\u00f3n de Datos Personales), que garantiza la privacidad y la seguridad de los datos de los...","_seopress_robots_index":"","footnotes":""},"class_list":["post-104651","page","type-page","status-publish","hentry"],"_links":{"self":[{"href":"https:\/\/nta-asfaltos.com.br\/es\/wp-json\/wp\/v2\/pages\/104651","targetHints":{"allow":["GET"]}}],"collection":[{"href":"https:\/\/nta-asfaltos.com.br\/es\/wp-json\/wp\/v2\/pages"}],"about":[{"href":"https:\/\/nta-asfaltos.com.br\/es\/wp-json\/wp\/v2\/types\/page"}],"author":[{"embeddable":true,"href":"https:\/\/nta-asfaltos.com.br\/es\/wp-json\/wp\/v2\/users\/1"}],"replies":[{"embeddable":true,"href":"https:\/\/nta-asfaltos.com.br\/es\/wp-json\/wp\/v2\/comments?post=104651"}],"version-history":[{"count":0,"href":"https:\/\/nta-asfaltos.com.br\/es\/wp-json\/wp\/v2\/pages\/104651\/revisions"}],"wp:attachment":[{"href":"https:\/\/nta-asfaltos.com.br\/es\/wp-json\/wp\/v2\/media?parent=104651"}],"curies":[{"name":"wp","href":"https:\/\/api.w.org\/{rel}","templated":true}]}}