{"id":104628,"date":"2022-06-20T17:36:32","date_gmt":"2022-06-20T20:36:32","guid":{"rendered":"https:\/\/nta-asfaltos.com.br\/politica-de-privacidad\/"},"modified":"2022-10-11T18:19:13","modified_gmt":"2022-10-11T21:19:13","slug":"politica-de-privacidad","status":"publish","type":"page","link":"https:\/\/nta-asfaltos.com.br\/es\/politica-de-privacidad\/","title":{"rendered":"Pol\u00edtica de privacidad"},"content":{"rendered":"<div class=\"wpb-content-wrapper\"><p>[vc_row row_height_percent=&#8221;0&#8243; override_padding=&#8221;yes&#8221; h_padding=&#8221;2&#8243; top_padding=&#8221;4&#8243; bottom_padding=&#8221;0&#8243; overlay_alpha=&#8221;50&#8243; gutter_size=&#8221;3&#8243; shift_y=&#8221;0&#8243;][vc_column column_width_percent=&#8221;100&#8243; align_horizontal=&#8221;align_center&#8221; gutter_size=&#8221;3&#8243; overlay_alpha=&#8221;50&#8243; shift_x=&#8221;0&#8243; shift_y=&#8221;0&#8243; z_index=&#8221;0&#8243; medium_width=&#8221;0&#8243;][vc_custom_heading heading_semantic=&#8221;h1&#8243; text_size=&#8221;fontsize-338686&#8243; text_weight=&#8221;700&#8243; text_space=&#8221;fontspace-111509&#8243; separator=&#8221;yes&#8221; separator_color=&#8221;yes&#8221; separator_double=&#8221;yes&#8221; uncode_shortcode_id=&#8221;491513&#8243;]Pol\u00edtica de privacidad[\/vc_custom_heading][\/vc_column][\/vc_row][vc_row row_height_percent=&#8221;0&#8243; override_padding=&#8221;yes&#8221; h_padding=&#8221;2&#8243; top_padding=&#8221;2&#8243; bottom_padding=&#8221;4&#8243; overlay_alpha=&#8221;50&#8243; gutter_size=&#8221;3&#8243; shift_y=&#8221;0&#8243;][vc_column column_width_percent=&#8221;100&#8243; gutter_size=&#8221;3&#8243; overlay_alpha=&#8221;50&#8243; shift_x=&#8221;0&#8243; shift_y=&#8221;0&#8243; z_index=&#8221;0&#8243; medium_width=&#8221;0&#8243;][vc_column_text uncode_shortcode_id=&#8221;199105&#8243;]La presente Pol\u00edtica de Privacidad contiene informaci\u00f3n sobre la recogida de datos personales, el uso, el almacenamiento, el tratamiento y la protecci\u00f3n de los datos personales de los usuarios y visitantes del sitio www.nta-asfaltos.com.br, con el fin de demostrar una absoluta transparencia en la materia y aclarar a todas las partes interesadas los tipos de datos que se recogen, los motivos de la recogida y la forma en que los usuarios pueden gestionar o eliminar su informaci\u00f3n personal.<\/p>\n<p>Esta Pol\u00edtica de Privacidad se aplica a todos los usuarios y visitantes del sitio web www.nta-asfaltos.com.br, perteneciente a NTA &#8211; NOVAS T\u00c9CNICAS DE ASFALTOS LTDA, debidamente inscrita en el CNPJ n\u00ba 03.037.291\/0001-80, ubicada en la Avenida Jabaquara, 2940 &#8211; Mirand\u00f3polis &#8211; 04046-500, S\u00e3o Paulo, SP, en adelante denominada NTA ASFALTOS.<\/p>\n<p>El presente documento ha sido elaborado de conformidad con la Ley General de Protecci\u00f3n de Datos Personales (Ley 13.709\/18), el Marco Civil da Internet (Ley 12.965\/14) (y el Reglamento UE n. 2016\/6790). Este documento podr\u00e1 ser actualizado como consecuencia de posibles actualizaciones de las normas y leyes, por lo que invitamos al usuario a consultar peri\u00f3dicamente esta secci\u00f3n.<\/p>\n<p><strong>\u00bfC\u00d3MO Y QU\u00c9 DATOS PERSONALES DEL USUARIO Y DEL VISITANTE SON RECOGIDOS?<\/strong><br \/>\nLos datos personales del usuario y del visitante son recogidos por la plataforma de la siguiente manera:<\/p>\n<p>Cuando el usuario rellena el formulario de contacto de la plataforma web estos datos son los b\u00e1sicos de identificaci\u00f3n, como el correo electr\u00f3nico, el nombre completo, el tel\u00e9fono y la empresa donde trabaja. A partir de ellos podemos identificar al usuario y al visitante, as\u00ed como garantizar una mayor seguridad y bienestar a sus necesidades. Los usuarios y visitantes son conscientes de que su perfil en la plataforma ser\u00e1 accesible para el departamento comercial de NTA ASFALTOS.<\/p>\n<p><strong>\u00bfPARA QU\u00c9 FINALIDADES UTILIZAMOS LOS DATOS PERSONALES DE LOS USUARIOS Y VISITANTES?<\/strong><br \/>\nLos datos personales de los usuarios y visitantes, recogidos y almacenados por www.nta-asfaltos.com.br, tienen por finalidad:<\/p>\n<p>Comercial: los datos son utilizados para establecer contacto comercial y transmitir la informaci\u00f3n solicitada por el usuario.<\/p>\n<p><strong>\u00bfCU\u00c1NTO TIEMPO SE CONSERVAN LOS DATOS PERSONALES?<\/strong><br \/>\nLos datos personales del usuario y visitante son almacenados por la plataforma durante el periodo necesario para la prestaci\u00f3n del servicio o el cumplimiento de las finalidades establecidas en este documento, de acuerdo con lo establecido en el inciso I del art\u00edculo 15 de la Ley 13.709\/18.<\/p>\n<p>Los datos podr\u00e1n ser eliminados o anonimizados a pedido del usuario, salvo en los casos en que la ley ofrezca otro tratamiento.<\/p>\n<p>Los datos personales de los usuarios s\u00f3lo podr\u00e1n conservarse una vez finalizado su tratamiento en los siguientes casos previstos en el art\u00edculo 16 de la citada ley:<br \/>\nI &#8211; Cumplimiento de una obligaci\u00f3n legal o regulatoria por parte del responsable del tratamiento;<br \/>\nII &#8211; Estudio realizado por un organismo de investigaci\u00f3n, garantizando, siempre que sea posible, la anonimizaci\u00f3n de los datos personales;<br \/>\nIII &#8211; Transferencia a un tercero, siempre que se cumplan los requisitos de tratamiento de datos establecidos en esta Ley;<br \/>\nIV &#8211; Uso exclusivo por parte del responsable del tratamiento, sin acceso por parte de terceros, y siempre que los datos est\u00e9n anonimizados.<\/p>\n<p><strong>SEGURIDAD DE LOS DATOS PERSONALES ALMACENADOS<\/strong><br \/>\nNTA ASFALTOS se compromete con los usuarios de su sitio web a implementar medidas t\u00e9cnicas y organizativas para proteger los datos personales del acceso no autorizado y de situaciones de destrucci\u00f3n, p\u00e9rdida, alteraci\u00f3n, comunicaci\u00f3n o difusi\u00f3n de estos datos.<\/p>\n<p>El sitio web de NTA ASFALTOS no se responsabiliza de la culpa exclusiva de terceros, como en el caso de ataques de hackers o crackers, o de la culpa exclusiva del usuario, como en el caso de que el propio usuario ceda sus datos a terceros. El sitio web se compromete a notificar al usuario en caso de alguna violaci\u00f3n de la seguridad de sus datos personales.<\/p>\n<p>Los datos personales almacenados son tratados de forma confidencial, dentro de los l\u00edmites legales. Sin embargo, podemos revelar su informaci\u00f3n personal si la ley nos obliga a hacerlo o si usted incumple nuestros T\u00e9rminos de Servicio.<\/p>\n<p><strong>COMPARTIMIENTO DATOS<\/strong><br \/>\nLa compartici\u00f3n de los datos del usuario s\u00f3lo se produce con los datos relativos a las publicaciones realizadas por el propio usuario. Dichas acciones se comparten p\u00fablicamente con otros usuarios.<\/p>\n<p>Los datos del perfil del usuario se comparten p\u00fablicamente en los sistemas de b\u00fasqueda y dentro del sitio, y el usuario puede modificar esta configuraci\u00f3n para que su perfil no aparezca en los resultados de b\u00fasqueda de estas herramientas.<\/p>\n<p><strong>\u00bfSE TRANSFERIR\u00c1N LOS DATOS PERSONALES ALMACENADOS A TERCEROS?<\/strong><br \/>\nNTA ASFALTOS puede contratar a proveedores de servicios externos, que act\u00faan como nuestros procesadores de datos, para que nos presten determinados servicios, como proveedores de servicios de sitios web, proveedores de servicios de marketing o proveedores de servicios de apoyo de TI. En la prestaci\u00f3n de estos servicios, los proveedores de servicios externos pueden tener acceso a sus datos personales y\/o procesarlos. Dichos proveedores de servicios externos estar\u00e1n sujetos a la obligaci\u00f3n contractual de aplicar las medidas de seguridad t\u00e9cnicas y organizacionales apropiadas para proteger los datos personales de sus respectivos usuarios y utilizadores, y para procesar los datos personales s\u00f3lo seg\u00fan las instrucciones<\/p>\n<p>NTA ASFALTOS tambi\u00e9n puede transferir sus datos personales a los organismos reguladores y de supervisi\u00f3n, a las autoridades gubernamentales, a los abogados y a los consultores externos en conformidad con la LGPD.<\/p>\n<p><strong>COOKIES O DATOS DE NAVEGACI\u00d3N<\/strong><br \/>\nLas cookies son archivos de texto enviados por el sitio web al ordenador del usuario y visitante, y que se almacenan en \u00e9l, con informaciones relacionadas con la navegaci\u00f3n en el sitio web. Esas informaciones se refieren a los datos de acceso, como el lugar y la hora de acceso, y son almacenadas por el navegador del usuario y del visitante para que el servidor del sitio pueda leerlas posteriormente con el fin de personalizar los servicios del propio sitio.<\/p>\n<p>El usuario y visitante del sitio web www.nta-asfaltos.com.br reconoce y acepta expresamente que se pueda utilizar un sistema de recogida de datos de navegaci\u00f3n mediante el uso de cookies.<\/p>\n<p>La cookie persistente permanece en el disco duro del usuario y visitante despu\u00e9s de cerrar el navegador y ser\u00e1 utilizada por el navegador en las siguientes visitas al sitio. Las cookies persistentes pueden eliminarse siguiendo las instrucciones de su navegador. La cookie de sesi\u00f3n es temporaria y desaparece una vez que se cierra el navegador. Usted puede configurar su navegador para que rechace todas las cookies, pero es posible que algunos elementos de la plataforma no funcionen correctamente si se desactiva la capacidad de aceptar cookies.<\/p>\n<p><strong>CONSENTIMIENTO<\/strong><br \/>\nAl utilizar los servicios y suministrar informaci\u00f3n personal en el sitio, el usuario est\u00e1 aceptando esta Pol\u00edtica de Privacidad.<\/p>\n<p>El usuario, mediante el uso del formulario, expresa su conocimiento y puede ejercer sus derechos de cancelar su registro, acceder y actualizar sus datos personales y garantiza la veracidad de la informaci\u00f3n proporcionada por \u00e9l.<\/p>\n<p>El usuario tiene derecho a retirar su consentimiento en cualquier momento. Para tal fin, deber\u00e1 ponerse en contacto a trav\u00e9s del correo electr\u00f3nico ntat@nta-asfaltos.com.br.<\/p>\n<p><strong>MODIFICACIONES PARA ESTA POL\u00cdTICA DE PRIVACIDAD<\/strong><br \/>\nNos reservamos el derecho a modificar esta pol\u00edtica de privacidad en cualquier momento, por lo que le recomendamos que la revise con frecuencia.<\/p>\n<p>Las modificaciones y aclaraciones entrar\u00e1n en vigor inmediatamente despu\u00e9s de su publicaci\u00f3n en el sitio. Cuando se realicen cambios, se notificar\u00e1 a los usuarios. Al utilizar el servicio o suministrar informaciones personales despu\u00e9s de cualquier modificaci\u00f3n, el usuario y visitante demuestra su acuerdo con las nuevas reglas.[\/vc_column_text][\/vc_column][\/vc_row][vc_row row_height_percent=&#8221;0&#8243; override_padding=&#8221;yes&#8221; h_padding=&#8221;2&#8243; top_padding=&#8221;4&#8243; bottom_padding=&#8221;0&#8243; overlay_alpha=&#8221;50&#8243; gutter_size=&#8221;3&#8243; column_width_percent=&#8221;100&#8243; shift_y=&#8221;0&#8243; z_index=&#8221;0&#8243; row_name=&#8221;DPO&#8221;][vc_column column_width_percent=&#8221;100&#8243; align_horizontal=&#8221;align_center&#8221; gutter_size=&#8221;3&#8243; overlay_alpha=&#8221;50&#8243; shift_x=&#8221;0&#8243; shift_y=&#8221;0&#8243; shift_y_down=&#8221;0&#8243; z_index=&#8221;0&#8243; medium_width=&#8221;0&#8243; mobile_width=&#8221;0&#8243;][vc_custom_heading heading_semantic=&#8221;h1&#8243; text_font=&#8221;font-170820&#8243; text_size=&#8221;fontsize-155944&#8243; text_weight=&#8221;700&#8243; text_space=&#8221;fontspace-111509&#8243; separator=&#8221;yes&#8221; separator_color=&#8221;yes&#8221; separator_double=&#8221;yes&#8221;]Canal Privacidad (canal directo con el DPO)[\/vc_custom_heading][\/vc_column][\/vc_row][vc_row row_height_percent=&#8221;0&#8243; overlay_alpha=&#8221;50&#8243; gutter_size=&#8221;3&#8243; column_width_percent=&#8221;100&#8243; shift_y=&#8221;0&#8243; z_index=&#8221;0&#8243;][vc_column width=&#8221;1\/1&#8243;][vc_raw_html]W3dvcmRwcmVzc19nZHByX2NvbnRhY3RfZHBvXQ==[\/vc_raw_html][\/vc_column][\/vc_row]<\/p>\n<\/div>","protected":false},"excerpt":{"rendered":"<p>[vc_row row_height_percent=&#8221;0&#8243; override_padding=&#8221;yes&#8221; h_padding=&#8221;2&#8243; top_padding=&#8221;4&#8243; bottom_padding=&#8221;0&#8243; overlay_alpha=&#8221;50&#8243; gutter_size=&#8221;3&#8243; shift_y=&#8221;0&#8243;][vc_column column_width_percent=&#8221;100&#8243; align_horizontal=&#8221;align_center&#8221; gutter_size=&#8221;3&#8243; overlay_alpha=&#8221;50&#8243; shift_x=&#8221;0&#8243; shift_y=&#8221;0&#8243; z_index=&#8221;0&#8243; medium_width=&#8221;0&#8243;][vc_custom_heading heading_semantic=&#8221;h1&#8243; text_size=&#8221;fontsize-338686&#8243; text_weight=&#8221;700&#8243; [&hellip;]<\/p>\n","protected":false},"author":1,"featured_media":0,"parent":0,"menu_order":0,"comment_status":"closed","ping_status":"closed","template":"","meta":{"_seopress_robots_primary_cat":"","_seopress_titles_title":"%%post_title%% %%sep%% %%sitetitle%%","_seopress_titles_desc":"La presente Pol\u00edtica de Privacidad contiene informaci\u00f3n sobre la recogida de datos personales, el uso, el almacenamiento, el tratamiento y la protecci\u00f3n...","_seopress_robots_index":"","footnotes":""},"class_list":["post-104628","page","type-page","status-publish","hentry"],"_links":{"self":[{"href":"https:\/\/nta-asfaltos.com.br\/es\/wp-json\/wp\/v2\/pages\/104628","targetHints":{"allow":["GET"]}}],"collection":[{"href":"https:\/\/nta-asfaltos.com.br\/es\/wp-json\/wp\/v2\/pages"}],"about":[{"href":"https:\/\/nta-asfaltos.com.br\/es\/wp-json\/wp\/v2\/types\/page"}],"author":[{"embeddable":true,"href":"https:\/\/nta-asfaltos.com.br\/es\/wp-json\/wp\/v2\/users\/1"}],"replies":[{"embeddable":true,"href":"https:\/\/nta-asfaltos.com.br\/es\/wp-json\/wp\/v2\/comments?post=104628"}],"version-history":[{"count":0,"href":"https:\/\/nta-asfaltos.com.br\/es\/wp-json\/wp\/v2\/pages\/104628\/revisions"}],"wp:attachment":[{"href":"https:\/\/nta-asfaltos.com.br\/es\/wp-json\/wp\/v2\/media?parent=104628"}],"curies":[{"name":"wp","href":"https:\/\/api.w.org\/{rel}","templated":true}]}}